{"id":328,"date":"2019-09-16T06:04:02","date_gmt":"2019-09-16T06:04:02","guid":{"rendered":"http:\/\/localhost:8080\/abctots\/?page_id=328"},"modified":"2020-01-28T12:02:59","modified_gmt":"2020-01-28T12:02:59","slug":"team","status":"publish","type":"page","link":"https:\/\/zlobek.reshome.pl\/?page_id=328","title":{"rendered":"Kadra"},"content":{"rendered":"<p>[vc_row full_width=&#8221;stretch_row_content_no_spaces&#8221; css=&#8221;.vc_custom_1568613933439{padding-bottom: 120px !important;}&#8221; klb_responsive=&#8221;.vc_custom_1568613933440{padding-bottom: 40px !important;}&#8221;][vc_column]<div class=\"jumbotron jumbotron-fluid\" ><div class=\"container\" ><div class=\"jumbo-heading\" data-aos=\"fade-down\"><h1>Kadra<\/h1><nav aria-label=\"breadcrumb\"> <ol class=\"breadcrumb\"> <li class=\"breadcrumb-item\"><a  href=\"https:\/\/zlobek.reshome.pl\" title=\"Home\" rel=\"bookmark\">Home<\/a> <\/li>  <\/ol><\/nav><\/div><\/div><\/div>[\/vc_column][\/vc_row][vc_row css=&#8221;.vc_custom_1568615726442{padding-top: 70px !important;padding-bottom: 70px !important;}&#8221; klb_responsive=&#8221;.vc_custom_1568615726443{padding-top: 40px !important;padding-bottom: 40px !important;}&#8221;][vc_column width=&#8221;1\/12&#8243;][\/vc_column][vc_column width=&#8221;5\/6&#8243;]<div class=\"carousel-3items owl-carousel owl-theme mt-5 col-md-12\"><div class=\"col-lg-12 team-style3 bg-secondary pattern2\"><img src=\"https:\/\/zlobek.reshome.pl\/wp-content\/uploads\/2020\/01\/monika-2.jpg\" class=\"img-fluid rounded\" alt=\"Monika Skrobot\" \/><div class=\"team-caption\"><h4>Monika Skrobot<\/h4><h6>Dyrektor<\/h6><p>Jest absolwentk\u0105 Akademii G\u00f3rniczo-Hutniczej w Krakowie - Wydzia\u0142 Zarz\u0105dzania. Uko\u0144czy\u0142a\nr\u00f3wnie\u017c studia podyplomowe: Organizacja i zarz\u0105dzanie o\u015bwiat\u0105, Badania rynkowe i\nmarketingowe, Mened\u017cer Ekonomii Spo\u0142ecznej, Nauczyciel matematyki\nw szkole podstawowej i gimnazjum, Doradztwo zawodowe. Posiada r\u00f3wnie\u017c kwalifikacje\npedagogiczne. Jest osob\u0105 odpowiedzialn\u0105, solidn\u0105 i otwart\u0105 na nowatorskie rozwi\u0105zania w\nzakresie edukacji. Autor projekt\u00f3w edukacyjnych w ramach Programu Operacyjnego Kapita\u0142\nLudzki: \u201eNasza wiedza \u2013 nasza przysz\u0142o\u015b\u0107\u201d oraz \u201eIndywidualizacja nauczania\nwczesnoszkolnego w Gminie \u0141u\u017cna\u201d. Kieruje r\u00f3wnie\u017c Zespo\u0142em Szkolno-Przedszkolnym Nr 1\nw \u0141u\u017cnej.<\/p><\/div><div class=\"icons bg-primary\"><a href=\"\" target=\"\" title=\"\"><i class=\"fab fa fa-handshake-o\"><\/i><\/a><\/div><\/div><div class=\"col-lg-12 team-style3 bg-secondary pattern2\"><img src=\"https:\/\/zlobek.reshome.pl\/wp-content\/uploads\/2020\/01\/weronika.jpg\" class=\"img-fluid rounded\" alt=\"Weronika R\u00f3\u017cycka\" \/><div class=\"team-caption\"><h4>Weronika R\u00f3\u017cycka<\/h4><h6>Opiekunka<\/h6><p>Jest absolwentk\u0105 pedagogiki spo\u0142eczno \u2013 opieku\u0144czej na Uniwersytecie Jagiello\u0144skim.\nUko\u0144czy\u0142a r\u00f3wnie\u017c studia podyplomowe: edukacja wczesnoszkolna i przedszkolna.\nSwoje do\u015bwiadczenie zawodowe zdobywa\u0142a odbywaj\u0105c sta\u017c w przedszkolu oraz pracuj\u0105c\nw \u017c\u0142obku.\nJest osob\u0105 odpowiedzialn\u0105, otwart\u0105 i u\u015bmiechni\u0119t\u0105, dzi\u0119ki temu \u0142atwo nawi\u0105zuje\nkontakty z dzie\u0107mi. W swojej pracy d\u0105\u017cy do zapewnienia bezpiecze\u0144stwa oraz prawid\u0142owych\nwarunk\u00f3w do rozwoju dziecka poprzez zabawy z nimi, \u015bpiewanie piosenek, czytanie i zaj\u0119cia\nplastyczne. Praca z dzie\u0107mi przynosi jej wiele rado\u015bci.<\/p><\/div><div class=\"icons bg-primary\"><a href=\"\" target=\"\" title=\"\"><i class=\"fab fa fa-handshake-o\"><\/i><\/a><\/div><\/div><div class=\"col-lg-12 team-style3 bg-secondary pattern2\"><img src=\"https:\/\/zlobek.reshome.pl\/wp-content\/uploads\/2020\/01\/mariola.jpg\" class=\"img-fluid rounded\" alt=\"Mariola G\u00f3ra\" \/><div class=\"team-caption\"><h4>Mariola G\u00f3ra<\/h4><h6>Opiekunka<\/h6><p>Jest absolwentk\u0105 Uniwersytetu Pedagogicznego w Krakowie. Uko\u0144czy\u0142a studia na\nkierunku oligofrenopedagogika, a tak\u017ce studia podyplomowe w zakresie edukacji\nwczesnoszkolnej i wychowania przedszkolnego. Od zawsze chcia\u0142a pracowa\u0107 z dzie\u0107mi,\ndlatego te\u017c wybra\u0142a studia pedagogiczne. Przez 8 lat pracowa\u0142a z dzie\u0107mi i m\u0142odzie\u017c\u0105\nniepe\u0142nosprawn\u0105, odby\u0142a r\u00f3wnie\u017c praktyki i sta\u017ce w przedszkolach i domach dziecka, gdzie\nnaby\u0142a do\u015bwiadczenia jak i indywidualne podej\u015bcie do dziecka.\nPraca w \u017c\u0142obku daje jej du\u017co rado\u015bci i satysfakcji. Dok\u0142ada wszelkich stara\u0144 by dziecko\nczu\u0142o si\u0119 bezpieczne i kochane, a rado\u015b\u0107 i u\u015bmiech na twarzach podopiecznych jest dla niej\nnajwa\u017cniejsza.<\/p><\/div><div class=\"icons bg-primary\"><a href=\"\" target=\"\" title=\"\"><i class=\"fab fa fa-handshake-o\"><\/i><\/a><\/div><\/div><\/div>[\/vc_column][vc_column width=&#8221;1\/12&#8243;][\/vc_column][\/vc_row]<\/p>\n","protected":false},"excerpt":{"rendered":"<p>[vc_row full_width=&#8221;stretch_row_content_no_spaces&#8221; css=&#8221;.vc_custom_1568613933439{padding-bottom: 120px !important;}&#8221; klb_responsive=&#8221;.vc_custom_1568613933440{padding-bottom: 40px !important;}&#8221;][vc_column][\/vc_column][\/vc_row][vc_row css=&#8221;.vc_custom_1568615726442{padding-top: 70px !important;padding-bottom: 70px !important;}&#8221; klb_responsive=&#8221;.vc_custom_1568615726443{padding-top: 40px !important;padding-bottom: 40px !important;}&#8221;][vc_column width=&#8221;1\/12&#8243;][\/vc_column][vc_column width=&#8221;5\/6&#8243;][\/vc_column][vc_column width=&#8221;1\/12&#8243;][\/vc_column][\/vc_row]<\/p>\n","protected":false},"author":1,"featured_media":0,"parent":0,"menu_order":0,"comment_status":"closed","ping_status":"closed","template":"","meta":[],"_links":{"self":[{"href":"https:\/\/zlobek.reshome.pl\/index.php?rest_route=\/wp\/v2\/pages\/328"}],"collection":[{"href":"https:\/\/zlobek.reshome.pl\/index.php?rest_route=\/wp\/v2\/pages"}],"about":[{"href":"https:\/\/zlobek.reshome.pl\/index.php?rest_route=\/wp\/v2\/types\/page"}],"author":[{"embeddable":true,"href":"https:\/\/zlobek.reshome.pl\/index.php?rest_route=\/wp\/v2\/users\/1"}],"replies":[{"embeddable":true,"href":"https:\/\/zlobek.reshome.pl\/index.php?rest_route=%2Fwp%2Fv2%2Fcomments&post=328"}],"version-history":[{"count":14,"href":"https:\/\/zlobek.reshome.pl\/index.php?rest_route=\/wp\/v2\/pages\/328\/revisions"}],"predecessor-version":[{"id":593,"href":"https:\/\/zlobek.reshome.pl\/index.php?rest_route=\/wp\/v2\/pages\/328\/revisions\/593"}],"wp:attachment":[{"href":"https:\/\/zlobek.reshome.pl\/index.php?rest_route=%2Fwp%2Fv2%2Fmedia&parent=328"}],"curies":[{"name":"wp","href":"https:\/\/api.w.org\/{rel}","templated":true}]}}